{"id":870,"date":"2023-11-04T12:37:28","date_gmt":"2023-11-04T11:37:28","guid":{"rendered":"http:\/\/lipp.hostcube.ch\/test\/?page_id=870"},"modified":"2023-11-04T12:37:28","modified_gmt":"2023-11-04T11:37:28","slug":"kontakt","status":"publish","type":"page","link":"https:\/\/www.schachclubbaar.ch\/?page_id=870","title":{"rendered":"Kontakt"},"content":{"rendered":"<p><p style=\"text-align: center;\"><strong>Pr\u00e4sident<\/strong><\/p>\n<p style=\"text-align: center;\">Georges Lipp, Talacherstrasse 9, 6340 Baar<br \/>Mail: georges(at)lipp-bieri.ch<\/p>\n<p style=\"text-align: center;\"><strong>Spielleiter\/in:<\/strong><\/p>\n<p style=\"text-align: center;\">Frieda Gretener, Rainweidstrasse 2, 6333 H\u00fcnenberg See<br \/>Mail: frieda.gretener(at)bluewin.ch<\/p>\n<p style=\"text-align: center;\">Kurt Gretener, Rainweidstrasse 2, 6333 H\u00fcnenberg See<br \/>Mail: kurt.gretener(at)bluewin.ch<\/p>\n<\/p>\n<p><p style=\"text-align: center;\"><strong>Webmaster<\/strong><\/p>\n<p style=\"text-align: center;\">Georges Lipp, Talacherstrasse 9, 6340 Baar<br \/>Mail: georges(at)lipp-bieri.ch<\/p>\n<p style=\"text-align: center;\">Anmeldungen, Anfragen oder Mitteilungen an den Schachclub Baar bitte \u00fcber eine der oben aufgef\u00fchrten Adressen.<\/p>\n","protected":false},"excerpt":{"rendered":"<p>Pr\u00e4sident Georges Lipp, Talacherstrasse 9, 6340 BaarMail: georges(at)lipp-bieri.ch Spielleiter\/in: Frieda Gretener, Rainweidstrasse 2, 6333 H\u00fcnenberg SeeMail: frieda.gretener(at)bluewin.ch Kurt Gretener, Rainweidstrasse 2, 6333 H\u00fcnenberg SeeMail: kurt.gretener(at)bluewin.ch Webmaster Georges Lipp, Talacherstrasse 9, 6340 BaarMail: georges(at)lipp-bieri.ch Anmeldungen, Anfragen oder Mitteilungen an den Schachclub Baar bitte \u00fcber eine der oben aufgef\u00fchrten Adressen.<\/p>\n","protected":false},"author":1,"featured_media":0,"parent":0,"menu_order":0,"comment_status":"closed","ping_status":"closed","template":"","meta":{"footnotes":""},"class_list":["post-870","page","type-page","status-publish","hentry"],"yoast_head":"<!-- This site is optimized with the Yoast SEO plugin v26.9 - https:\/\/yoast.com\/product\/yoast-seo-wordpress\/ -->\r\n<title>Kontakt - Schachclub Baar<\/title>\r\n<meta name=\"description\" content=\"Wir spielen das k\u00f6nigliche Spiel im Kanton Zug. Jung und Alt, jedermann ist bei und herzlich willkommen. Neu f\u00fchren wir eine Jugendgruppe mit Jugendlichen bis 16 Jahren. In Zukunft m\u00f6chten wir auch eine Juniorenabteilung einf\u00fchren.\" \/>\r\n<meta name=\"robots\" content=\"index, follow, max-snippet:-1, max-image-preview:large, max-video-preview:-1\" \/>\r\n<link rel=\"canonical\" href=\"https:\/\/www.schachclubbaar.ch\/?page_id=870\" \/>\r\n<meta property=\"og:locale\" content=\"de_DE\" \/>\r\n<meta property=\"og:type\" content=\"article\" \/>\r\n<meta property=\"og:title\" content=\"Kontakt - Schachclub Baar\" \/>\r\n<meta property=\"og:description\" content=\"Wir spielen das k\u00f6nigliche Spiel im Kanton Zug. Jung und Alt, jedermann ist bei und herzlich willkommen. Neu f\u00fchren wir eine Jugendgruppe mit Jugendlichen bis 16 Jahren. In Zukunft m\u00f6chten wir auch eine Juniorenabteilung einf\u00fchren.\" \/>\r\n<meta property=\"og:url\" content=\"https:\/\/www.schachclubbaar.ch\/?page_id=870\" \/>\r\n<meta property=\"og:site_name\" content=\"Schachclub Baar\" \/>\r\n<meta property=\"article:publisher\" content=\"https:\/\/facebook.com\/Schachclub-Baar-1689832137913061\" \/>\r\n<meta name=\"twitter:card\" content=\"summary_large_image\" \/>\r\n<meta name=\"twitter:label1\" content=\"Gesch\u00e4tzte Lesezeit\" \/>\n\t<meta name=\"twitter:data1\" content=\"1\u00a0Minute\" \/>\r\n<script type=\"application\/ld+json\" class=\"yoast-schema-graph\">{\"@context\":\"https:\/\/schema.org\",\"@graph\":[{\"@type\":\"WebPage\",\"@id\":\"https:\/\/www.schachclubbaar.ch\/?page_id=870\",\"url\":\"https:\/\/www.schachclubbaar.ch\/?page_id=870\",\"name\":\"Kontakt - Schachclub Baar\",\"isPartOf\":{\"@id\":\"https:\/\/www.schachclubbaar.ch\/#website\"},\"datePublished\":\"2023-11-04T11:37:28+00:00\",\"description\":\"Wir spielen das k\u00f6nigliche Spiel im Kanton Zug. Jung und Alt, jedermann ist bei und herzlich willkommen. Neu f\u00fchren wir eine Jugendgruppe mit Jugendlichen bis 16 Jahren. In Zukunft m\u00f6chten wir auch eine Juniorenabteilung einf\u00fchren.\",\"breadcrumb\":{\"@id\":\"https:\/\/www.schachclubbaar.ch\/?page_id=870#breadcrumb\"},\"inLanguage\":\"de\",\"potentialAction\":[{\"@type\":\"ReadAction\",\"target\":[\"https:\/\/www.schachclubbaar.ch\/?page_id=870\"]}]},{\"@type\":\"BreadcrumbList\",\"@id\":\"https:\/\/www.schachclubbaar.ch\/?page_id=870#breadcrumb\",\"itemListElement\":[{\"@type\":\"ListItem\",\"position\":1,\"name\":\"Startseite\",\"item\":\"https:\/\/www.schachclubbaar.ch\/\"},{\"@type\":\"ListItem\",\"position\":2,\"name\":\"Kontakt\"}]},{\"@type\":\"WebSite\",\"@id\":\"https:\/\/www.schachclubbaar.ch\/#website\",\"url\":\"https:\/\/www.schachclubbaar.ch\/\",\"name\":\"Schachclub Baar\",\"description\":\"Der Schachclub Baar spielt das k\u00f6gliche Spiel im Kanton Zug. Jung und Alt, jedermann ist herzlich willkommen. Neu f\u00fchren wir eine Jugendgruppe.\",\"publisher\":{\"@id\":\"https:\/\/www.schachclubbaar.ch\/#organization\"},\"potentialAction\":[{\"@type\":\"SearchAction\",\"target\":{\"@type\":\"EntryPoint\",\"urlTemplate\":\"https:\/\/www.schachclubbaar.ch\/?s={search_term_string}\"},\"query-input\":{\"@type\":\"PropertyValueSpecification\",\"valueRequired\":true,\"valueName\":\"search_term_string\"}}],\"inLanguage\":\"de\"},{\"@type\":\"Organization\",\"@id\":\"https:\/\/www.schachclubbaar.ch\/#organization\",\"name\":\"Schachclub Baar\",\"url\":\"https:\/\/www.schachclubbaar.ch\/\",\"logo\":{\"@type\":\"ImageObject\",\"inLanguage\":\"de\",\"@id\":\"https:\/\/www.schachclubbaar.ch\/#\/schema\/logo\/image\/\",\"url\":\"https:\/\/www.schachclubbaar.ch\/wp-content\/uploads\/2015\/08\/header-e1502261590644.jpg\",\"contentUrl\":\"https:\/\/www.schachclubbaar.ch\/wp-content\/uploads\/2015\/08\/header-e1502261590644.jpg\",\"width\":480,\"height\":125,\"caption\":\"Schachclub Baar\"},\"image\":{\"@id\":\"https:\/\/www.schachclubbaar.ch\/#\/schema\/logo\/image\/\"},\"sameAs\":[\"https:\/\/facebook.com\/Schachclub-Baar-1689832137913061\"]}]}<\/script>\r\n<!-- \/ Yoast SEO plugin. -->","yoast_head_json":{"title":"Kontakt - Schachclub Baar","description":"Wir spielen das k\u00f6nigliche Spiel im Kanton Zug. Jung und Alt, jedermann ist bei und herzlich willkommen. Neu f\u00fchren wir eine Jugendgruppe mit Jugendlichen bis 16 Jahren. In Zukunft m\u00f6chten wir auch eine Juniorenabteilung einf\u00fchren.","robots":{"index":"index","follow":"follow","max-snippet":"max-snippet:-1","max-image-preview":"max-image-preview:large","max-video-preview":"max-video-preview:-1"},"canonical":"https:\/\/www.schachclubbaar.ch\/?page_id=870","og_locale":"de_DE","og_type":"article","og_title":"Kontakt - Schachclub Baar","og_description":"Wir spielen das k\u00f6nigliche Spiel im Kanton Zug. Jung und Alt, jedermann ist bei und herzlich willkommen. Neu f\u00fchren wir eine Jugendgruppe mit Jugendlichen bis 16 Jahren. In Zukunft m\u00f6chten wir auch eine Juniorenabteilung einf\u00fchren.","og_url":"https:\/\/www.schachclubbaar.ch\/?page_id=870","og_site_name":"Schachclub Baar","article_publisher":"https:\/\/facebook.com\/Schachclub-Baar-1689832137913061","twitter_card":"summary_large_image","twitter_misc":{"Gesch\u00e4tzte Lesezeit":"1\u00a0Minute"},"schema":{"@context":"https:\/\/schema.org","@graph":[{"@type":"WebPage","@id":"https:\/\/www.schachclubbaar.ch\/?page_id=870","url":"https:\/\/www.schachclubbaar.ch\/?page_id=870","name":"Kontakt - Schachclub Baar","isPartOf":{"@id":"https:\/\/www.schachclubbaar.ch\/#website"},"datePublished":"2023-11-04T11:37:28+00:00","description":"Wir spielen das k\u00f6nigliche Spiel im Kanton Zug. Jung und Alt, jedermann ist bei und herzlich willkommen. Neu f\u00fchren wir eine Jugendgruppe mit Jugendlichen bis 16 Jahren. In Zukunft m\u00f6chten wir auch eine Juniorenabteilung einf\u00fchren.","breadcrumb":{"@id":"https:\/\/www.schachclubbaar.ch\/?page_id=870#breadcrumb"},"inLanguage":"de","potentialAction":[{"@type":"ReadAction","target":["https:\/\/www.schachclubbaar.ch\/?page_id=870"]}]},{"@type":"BreadcrumbList","@id":"https:\/\/www.schachclubbaar.ch\/?page_id=870#breadcrumb","itemListElement":[{"@type":"ListItem","position":1,"name":"Startseite","item":"https:\/\/www.schachclubbaar.ch\/"},{"@type":"ListItem","position":2,"name":"Kontakt"}]},{"@type":"WebSite","@id":"https:\/\/www.schachclubbaar.ch\/#website","url":"https:\/\/www.schachclubbaar.ch\/","name":"Schachclub Baar","description":"Der Schachclub Baar spielt das k\u00f6gliche Spiel im Kanton Zug. Jung und Alt, jedermann ist herzlich willkommen. Neu f\u00fchren wir eine Jugendgruppe.","publisher":{"@id":"https:\/\/www.schachclubbaar.ch\/#organization"},"potentialAction":[{"@type":"SearchAction","target":{"@type":"EntryPoint","urlTemplate":"https:\/\/www.schachclubbaar.ch\/?s={search_term_string}"},"query-input":{"@type":"PropertyValueSpecification","valueRequired":true,"valueName":"search_term_string"}}],"inLanguage":"de"},{"@type":"Organization","@id":"https:\/\/www.schachclubbaar.ch\/#organization","name":"Schachclub Baar","url":"https:\/\/www.schachclubbaar.ch\/","logo":{"@type":"ImageObject","inLanguage":"de","@id":"https:\/\/www.schachclubbaar.ch\/#\/schema\/logo\/image\/","url":"https:\/\/www.schachclubbaar.ch\/wp-content\/uploads\/2015\/08\/header-e1502261590644.jpg","contentUrl":"https:\/\/www.schachclubbaar.ch\/wp-content\/uploads\/2015\/08\/header-e1502261590644.jpg","width":480,"height":125,"caption":"Schachclub Baar"},"image":{"@id":"https:\/\/www.schachclubbaar.ch\/#\/schema\/logo\/image\/"},"sameAs":["https:\/\/facebook.com\/Schachclub-Baar-1689832137913061"]}]}},"_links":{"self":[{"href":"https:\/\/www.schachclubbaar.ch\/index.php?rest_route=\/wp\/v2\/pages\/870","targetHints":{"allow":["GET"]}}],"collection":[{"href":"https:\/\/www.schachclubbaar.ch\/index.php?rest_route=\/wp\/v2\/pages"}],"about":[{"href":"https:\/\/www.schachclubbaar.ch\/index.php?rest_route=\/wp\/v2\/types\/page"}],"author":[{"embeddable":true,"href":"https:\/\/www.schachclubbaar.ch\/index.php?rest_route=\/wp\/v2\/users\/1"}],"replies":[{"embeddable":true,"href":"https:\/\/www.schachclubbaar.ch\/index.php?rest_route=%2Fwp%2Fv2%2Fcomments&post=870"}],"version-history":[{"count":7,"href":"https:\/\/www.schachclubbaar.ch\/index.php?rest_route=\/wp\/v2\/pages\/870\/revisions"}],"predecessor-version":[{"id":3540,"href":"https:\/\/www.schachclubbaar.ch\/index.php?rest_route=\/wp\/v2\/pages\/870\/revisions\/3540"}],"wp:attachment":[{"href":"https:\/\/www.schachclubbaar.ch\/index.php?rest_route=%2Fwp%2Fv2%2Fmedia&parent=870"}],"curies":[{"name":"wp","href":"https:\/\/api.w.org\/{rel}","templated":true}]}}