{"id":62,"date":"2015-08-25T11:47:19","date_gmt":"2015-08-25T09:47:19","guid":{"rendered":"http:\/\/lipp.hostcube.ch\/test\/?page_id=62"},"modified":"2026-02-21T14:46:20","modified_gmt":"2026-02-21T13:46:20","slug":"home-2","status":"publish","type":"page","link":"https:\/\/www.schachclubbaar.ch\/","title":{"rendered":"Home"},"content":{"rendered":"<p style=\"text-align: center;\"><img loading=\"lazy\" decoding=\"async\" class=\"aligncenter wp-image-2844 size-medium\" src=\"https:\/\/www.schachclubbaar.ch\/wp-content\/uploads\/2021\/07\/Bild1-300x199.jpg\" alt=\"\" width=\"300\" height=\"199\" srcset=\"https:\/\/www.schachclubbaar.ch\/wp-content\/uploads\/2021\/07\/Bild1-300x199.jpg 300w, https:\/\/www.schachclubbaar.ch\/wp-content\/uploads\/2021\/07\/Bild1-1024x680.jpg 1024w, https:\/\/www.schachclubbaar.ch\/wp-content\/uploads\/2021\/07\/Bild1-768x510.jpg 768w, https:\/\/www.schachclubbaar.ch\/wp-content\/uploads\/2021\/07\/Bild1-1536x1020.jpg 1536w, https:\/\/www.schachclubbaar.ch\/wp-content\/uploads\/2021\/07\/Bild1-2048x1360.jpg 2048w, https:\/\/www.schachclubbaar.ch\/wp-content\/uploads\/2021\/07\/Bild1-624x414.jpg 624w\" sizes=\"auto, (max-width: 300px) 100vw, 300px\" \/><\/p>\n<h1 style=\"text-align: center;\"><strong>Willkommen beim Schachclub Baar<\/strong><\/h1>\n<p style=\"text-align: center;\">Wir heissen Sie auf unserer Homepage herzlich willkommen.<\/p>\n<p style=\"text-align: center;\">Wie alles begann, kann in der <a href=\"https:\/\/www.schachclubbaar.ch\/?page_id=114\">CHRONIK<\/a> nachgelesen werden.\u00a0<\/p>\n<p style=\"text-align: center;\">Unser Clubabend findet jeweils am <br \/><strong>Donnerstag<\/strong> ab <strong>19.30 Uhr<\/strong>\u00a0<br \/>im <strong>Rest. SportInn<\/strong> (Waldmannhalle) statt.<\/p>\n<p style=\"text-align: center;\">Details siehe:\u00a0<a href=\"https:\/\/www.schachclubbaar.ch\/?cat=40\">Agenda<\/a><\/p>\n\n\n<p><\/p>\n\n\n\n<hr class=\"wp-block-separator has-css-opacity is-style-wide\"\/>\n\n\n\n<figure class=\"wp-block-image size-full\"><img loading=\"lazy\" decoding=\"async\" width=\"2560\" height=\"1429\" src=\"https:\/\/www.schachclubbaar.ch\/wp-content\/uploads\/2026\/02\/Gemini_Generated_Image_ebchq1ebchq1ebch-scaled.png\" alt=\"\" class=\"wp-image-4031\" srcset=\"https:\/\/www.schachclubbaar.ch\/wp-content\/uploads\/2026\/02\/Gemini_Generated_Image_ebchq1ebchq1ebch-scaled.png 2560w, https:\/\/www.schachclubbaar.ch\/wp-content\/uploads\/2026\/02\/Gemini_Generated_Image_ebchq1ebchq1ebch-300x167.png 300w, https:\/\/www.schachclubbaar.ch\/wp-content\/uploads\/2026\/02\/Gemini_Generated_Image_ebchq1ebchq1ebch-1024x572.png 1024w, https:\/\/www.schachclubbaar.ch\/wp-content\/uploads\/2026\/02\/Gemini_Generated_Image_ebchq1ebchq1ebch-768x429.png 768w, https:\/\/www.schachclubbaar.ch\/wp-content\/uploads\/2026\/02\/Gemini_Generated_Image_ebchq1ebchq1ebch-1536x857.png 1536w, https:\/\/www.schachclubbaar.ch\/wp-content\/uploads\/2026\/02\/Gemini_Generated_Image_ebchq1ebchq1ebch-2048x1143.png 2048w, https:\/\/www.schachclubbaar.ch\/wp-content\/uploads\/2026\/02\/Gemini_Generated_Image_ebchq1ebchq1ebch-624x348.png 624w\" sizes=\"auto, (max-width: 2560px) 100vw, 2560px\" \/><\/figure>\n","protected":false},"excerpt":{"rendered":"<p>Willkommen beim Schachclub Baar Wir heissen Sie auf unserer Homepage herzlich willkommen. Wie alles begann, kann in der CHRONIK nachgelesen werden.\u00a0 Unser Clubabend findet jeweils am Donnerstag ab 19.30 Uhr\u00a0im Rest. SportInn (Waldmannhalle) statt. Details siehe:\u00a0Agenda<\/p>\n","protected":false},"author":1,"featured_media":0,"parent":0,"menu_order":0,"comment_status":"closed","ping_status":"closed","template":"","meta":{"footnotes":""},"class_list":["post-62","page","type-page","status-publish","hentry"],"yoast_head":"<!-- This site is optimized with the Yoast SEO plugin v26.9 - https:\/\/yoast.com\/product\/yoast-seo-wordpress\/ -->\r\n<title>Home - Schachclub Baar<\/title>\r\n<meta name=\"description\" content=\"Wir spielen das k\u00f6nigliche Spiel im Kanton Zug. Jung und Alt, jedermann ist bei und herzlich willkommen. Neu f\u00fchren wir eine Jugendgruppe mit Jugendlichen bis 16 Jahren. In Zukunft m\u00f6chten wir auch eine Juniorenabteilung einf\u00fchren.\" \/>\r\n<meta name=\"robots\" content=\"index, follow, max-snippet:-1, max-image-preview:large, max-video-preview:-1\" \/>\r\n<link rel=\"canonical\" href=\"https:\/\/www.schachclubbaar.ch\/\" \/>\r\n<meta property=\"og:locale\" content=\"de_DE\" \/>\r\n<meta property=\"og:type\" content=\"article\" \/>\r\n<meta property=\"og:title\" content=\"Home - Schachclub Baar\" \/>\r\n<meta property=\"og:description\" content=\"Wir spielen das k\u00f6nigliche Spiel im Kanton Zug. Jung und Alt, jedermann ist bei und herzlich willkommen. Neu f\u00fchren wir eine Jugendgruppe mit Jugendlichen bis 16 Jahren. In Zukunft m\u00f6chten wir auch eine Juniorenabteilung einf\u00fchren.\" \/>\r\n<meta property=\"og:url\" content=\"https:\/\/www.schachclubbaar.ch\/\" \/>\r\n<meta property=\"og:site_name\" content=\"Schachclub Baar\" \/>\r\n<meta property=\"article:publisher\" content=\"https:\/\/facebook.com\/Schachclub-Baar-1689832137913061\" \/>\r\n<meta property=\"article:modified_time\" content=\"2026-02-21T13:46:20+00:00\" \/>\r\n<meta property=\"og:image\" content=\"https:\/\/www.schachclubbaar.ch\/wp-content\/uploads\/2021\/07\/Bild1-scaled.jpg\" \/>\r\n\t<meta property=\"og:image:width\" content=\"2560\" \/>\r\n\t<meta property=\"og:image:height\" content=\"1700\" \/>\r\n\t<meta property=\"og:image:type\" content=\"image\/jpeg\" \/>\r\n<meta name=\"twitter:card\" content=\"summary_large_image\" \/>\r\n<meta name=\"twitter:label1\" content=\"Gesch\u00e4tzte Lesezeit\" \/>\n\t<meta name=\"twitter:data1\" content=\"1\u00a0Minute\" \/>\r\n<script type=\"application\/ld+json\" class=\"yoast-schema-graph\">{\"@context\":\"https:\/\/schema.org\",\"@graph\":[{\"@type\":\"WebPage\",\"@id\":\"https:\/\/www.schachclubbaar.ch\/\",\"url\":\"https:\/\/www.schachclubbaar.ch\/\",\"name\":\"Home - Schachclub Baar\",\"isPartOf\":{\"@id\":\"https:\/\/www.schachclubbaar.ch\/#website\"},\"primaryImageOfPage\":{\"@id\":\"https:\/\/www.schachclubbaar.ch\/#primaryimage\"},\"image\":{\"@id\":\"https:\/\/www.schachclubbaar.ch\/#primaryimage\"},\"thumbnailUrl\":\"https:\/\/www.schachclubbaar.ch\/wp-content\/uploads\/2021\/07\/Bild1-300x199.jpg\",\"datePublished\":\"2015-08-25T09:47:19+00:00\",\"dateModified\":\"2026-02-21T13:46:20+00:00\",\"description\":\"Wir spielen das k\u00f6nigliche Spiel im Kanton Zug. Jung und Alt, jedermann ist bei und herzlich willkommen. Neu f\u00fchren wir eine Jugendgruppe mit Jugendlichen bis 16 Jahren. In Zukunft m\u00f6chten wir auch eine Juniorenabteilung einf\u00fchren.\",\"breadcrumb\":{\"@id\":\"https:\/\/www.schachclubbaar.ch\/#breadcrumb\"},\"inLanguage\":\"de\",\"potentialAction\":[{\"@type\":\"ReadAction\",\"target\":[\"https:\/\/www.schachclubbaar.ch\/\"]}]},{\"@type\":\"ImageObject\",\"inLanguage\":\"de\",\"@id\":\"https:\/\/www.schachclubbaar.ch\/#primaryimage\",\"url\":\"https:\/\/www.schachclubbaar.ch\/wp-content\/uploads\/2021\/07\/Bild1-scaled.jpg\",\"contentUrl\":\"https:\/\/www.schachclubbaar.ch\/wp-content\/uploads\/2021\/07\/Bild1-scaled.jpg\",\"width\":2560,\"height\":1700},{\"@type\":\"BreadcrumbList\",\"@id\":\"https:\/\/www.schachclubbaar.ch\/#breadcrumb\",\"itemListElement\":[{\"@type\":\"ListItem\",\"position\":1,\"name\":\"Startseite\",\"item\":\"https:\/\/www.schachclubbaar.ch\/\"},{\"@type\":\"ListItem\",\"position\":2,\"name\":\"Home\"}]},{\"@type\":\"WebSite\",\"@id\":\"https:\/\/www.schachclubbaar.ch\/#website\",\"url\":\"https:\/\/www.schachclubbaar.ch\/\",\"name\":\"Schachclub Baar\",\"description\":\"Der Schachclub Baar spielt das k\u00f6gliche Spiel im Kanton Zug. Jung und Alt, jedermann ist herzlich willkommen. Neu f\u00fchren wir eine Jugendgruppe.\",\"publisher\":{\"@id\":\"https:\/\/www.schachclubbaar.ch\/#organization\"},\"potentialAction\":[{\"@type\":\"SearchAction\",\"target\":{\"@type\":\"EntryPoint\",\"urlTemplate\":\"https:\/\/www.schachclubbaar.ch\/?s={search_term_string}\"},\"query-input\":{\"@type\":\"PropertyValueSpecification\",\"valueRequired\":true,\"valueName\":\"search_term_string\"}}],\"inLanguage\":\"de\"},{\"@type\":\"Organization\",\"@id\":\"https:\/\/www.schachclubbaar.ch\/#organization\",\"name\":\"Schachclub Baar\",\"url\":\"https:\/\/www.schachclubbaar.ch\/\",\"logo\":{\"@type\":\"ImageObject\",\"inLanguage\":\"de\",\"@id\":\"https:\/\/www.schachclubbaar.ch\/#\/schema\/logo\/image\/\",\"url\":\"https:\/\/www.schachclubbaar.ch\/wp-content\/uploads\/2015\/08\/header-e1502261590644.jpg\",\"contentUrl\":\"https:\/\/www.schachclubbaar.ch\/wp-content\/uploads\/2015\/08\/header-e1502261590644.jpg\",\"width\":480,\"height\":125,\"caption\":\"Schachclub Baar\"},\"image\":{\"@id\":\"https:\/\/www.schachclubbaar.ch\/#\/schema\/logo\/image\/\"},\"sameAs\":[\"https:\/\/facebook.com\/Schachclub-Baar-1689832137913061\"]}]}<\/script>\r\n<!-- \/ Yoast SEO plugin. -->","yoast_head_json":{"title":"Home - Schachclub Baar","description":"Wir spielen das k\u00f6nigliche Spiel im Kanton Zug. Jung und Alt, jedermann ist bei und herzlich willkommen. Neu f\u00fchren wir eine Jugendgruppe mit Jugendlichen bis 16 Jahren. In Zukunft m\u00f6chten wir auch eine Juniorenabteilung einf\u00fchren.","robots":{"index":"index","follow":"follow","max-snippet":"max-snippet:-1","max-image-preview":"max-image-preview:large","max-video-preview":"max-video-preview:-1"},"canonical":"https:\/\/www.schachclubbaar.ch\/","og_locale":"de_DE","og_type":"article","og_title":"Home - Schachclub Baar","og_description":"Wir spielen das k\u00f6nigliche Spiel im Kanton Zug. Jung und Alt, jedermann ist bei und herzlich willkommen. Neu f\u00fchren wir eine Jugendgruppe mit Jugendlichen bis 16 Jahren. In Zukunft m\u00f6chten wir auch eine Juniorenabteilung einf\u00fchren.","og_url":"https:\/\/www.schachclubbaar.ch\/","og_site_name":"Schachclub Baar","article_publisher":"https:\/\/facebook.com\/Schachclub-Baar-1689832137913061","article_modified_time":"2026-02-21T13:46:20+00:00","og_image":[{"width":2560,"height":1700,"url":"https:\/\/www.schachclubbaar.ch\/wp-content\/uploads\/2021\/07\/Bild1-scaled.jpg","type":"image\/jpeg"}],"twitter_card":"summary_large_image","twitter_misc":{"Gesch\u00e4tzte Lesezeit":"1\u00a0Minute"},"schema":{"@context":"https:\/\/schema.org","@graph":[{"@type":"WebPage","@id":"https:\/\/www.schachclubbaar.ch\/","url":"https:\/\/www.schachclubbaar.ch\/","name":"Home - Schachclub Baar","isPartOf":{"@id":"https:\/\/www.schachclubbaar.ch\/#website"},"primaryImageOfPage":{"@id":"https:\/\/www.schachclubbaar.ch\/#primaryimage"},"image":{"@id":"https:\/\/www.schachclubbaar.ch\/#primaryimage"},"thumbnailUrl":"https:\/\/www.schachclubbaar.ch\/wp-content\/uploads\/2021\/07\/Bild1-300x199.jpg","datePublished":"2015-08-25T09:47:19+00:00","dateModified":"2026-02-21T13:46:20+00:00","description":"Wir spielen das k\u00f6nigliche Spiel im Kanton Zug. Jung und Alt, jedermann ist bei und herzlich willkommen. Neu f\u00fchren wir eine Jugendgruppe mit Jugendlichen bis 16 Jahren. In Zukunft m\u00f6chten wir auch eine Juniorenabteilung einf\u00fchren.","breadcrumb":{"@id":"https:\/\/www.schachclubbaar.ch\/#breadcrumb"},"inLanguage":"de","potentialAction":[{"@type":"ReadAction","target":["https:\/\/www.schachclubbaar.ch\/"]}]},{"@type":"ImageObject","inLanguage":"de","@id":"https:\/\/www.schachclubbaar.ch\/#primaryimage","url":"https:\/\/www.schachclubbaar.ch\/wp-content\/uploads\/2021\/07\/Bild1-scaled.jpg","contentUrl":"https:\/\/www.schachclubbaar.ch\/wp-content\/uploads\/2021\/07\/Bild1-scaled.jpg","width":2560,"height":1700},{"@type":"BreadcrumbList","@id":"https:\/\/www.schachclubbaar.ch\/#breadcrumb","itemListElement":[{"@type":"ListItem","position":1,"name":"Startseite","item":"https:\/\/www.schachclubbaar.ch\/"},{"@type":"ListItem","position":2,"name":"Home"}]},{"@type":"WebSite","@id":"https:\/\/www.schachclubbaar.ch\/#website","url":"https:\/\/www.schachclubbaar.ch\/","name":"Schachclub Baar","description":"Der Schachclub Baar spielt das k\u00f6gliche Spiel im Kanton Zug. Jung und Alt, jedermann ist herzlich willkommen. Neu f\u00fchren wir eine Jugendgruppe.","publisher":{"@id":"https:\/\/www.schachclubbaar.ch\/#organization"},"potentialAction":[{"@type":"SearchAction","target":{"@type":"EntryPoint","urlTemplate":"https:\/\/www.schachclubbaar.ch\/?s={search_term_string}"},"query-input":{"@type":"PropertyValueSpecification","valueRequired":true,"valueName":"search_term_string"}}],"inLanguage":"de"},{"@type":"Organization","@id":"https:\/\/www.schachclubbaar.ch\/#organization","name":"Schachclub Baar","url":"https:\/\/www.schachclubbaar.ch\/","logo":{"@type":"ImageObject","inLanguage":"de","@id":"https:\/\/www.schachclubbaar.ch\/#\/schema\/logo\/image\/","url":"https:\/\/www.schachclubbaar.ch\/wp-content\/uploads\/2015\/08\/header-e1502261590644.jpg","contentUrl":"https:\/\/www.schachclubbaar.ch\/wp-content\/uploads\/2015\/08\/header-e1502261590644.jpg","width":480,"height":125,"caption":"Schachclub Baar"},"image":{"@id":"https:\/\/www.schachclubbaar.ch\/#\/schema\/logo\/image\/"},"sameAs":["https:\/\/facebook.com\/Schachclub-Baar-1689832137913061"]}]}},"_links":{"self":[{"href":"https:\/\/www.schachclubbaar.ch\/index.php?rest_route=\/wp\/v2\/pages\/62","targetHints":{"allow":["GET"]}}],"collection":[{"href":"https:\/\/www.schachclubbaar.ch\/index.php?rest_route=\/wp\/v2\/pages"}],"about":[{"href":"https:\/\/www.schachclubbaar.ch\/index.php?rest_route=\/wp\/v2\/types\/page"}],"author":[{"embeddable":true,"href":"https:\/\/www.schachclubbaar.ch\/index.php?rest_route=\/wp\/v2\/users\/1"}],"replies":[{"embeddable":true,"href":"https:\/\/www.schachclubbaar.ch\/index.php?rest_route=%2Fwp%2Fv2%2Fcomments&post=62"}],"version-history":[{"count":83,"href":"https:\/\/www.schachclubbaar.ch\/index.php?rest_route=\/wp\/v2\/pages\/62\/revisions"}],"predecessor-version":[{"id":4032,"href":"https:\/\/www.schachclubbaar.ch\/index.php?rest_route=\/wp\/v2\/pages\/62\/revisions\/4032"}],"wp:attachment":[{"href":"https:\/\/www.schachclubbaar.ch\/index.php?rest_route=%2Fwp%2Fv2%2Fmedia&parent=62"}],"curies":[{"name":"wp","href":"https:\/\/api.w.org\/{rel}","templated":true}]}}