{"id":226,"date":"2017-10-06T22:55:13","date_gmt":"2017-10-06T20:55:13","guid":{"rendered":"http:\/\/lipp.hostcube.ch\/test\/?page_id=226"},"modified":"2025-05-01T23:08:21","modified_gmt":"2025-05-01T21:08:21","slug":"links","status":"publish","type":"page","link":"https:\/\/www.schachclubbaar.ch\/?page_id=226","title":{"rendered":"Links"},"content":{"rendered":"\n<p><a rel=\"noreferrer noopener\" href=\"http:\/\/www.schach-isv.ch\/\" target=\"_blank\">ISV Innerschweizer Schachverband<\/a><\/p>\n\n\n\n<p><a rel=\"noreferrer noopener\" href=\"http:\/\/www.swisschess.ch\/\" target=\"_blank\">SSB Schweizerischer Schachbund<\/a><\/p>\n\n\n\n<p><a rel=\"noreferrer noopener\" href=\"http:\/\/www.schachklubzug.ch\/\" target=\"_blank\">Schachclub Zug<\/a><\/p>\n\n\n\n<p><a rel=\"noreferrer noopener\" href=\"http:\/\/www.skcham.ch\/\" target=\"_blank\">Schachclub Cham<\/a><\/p>\n\n\n\n<p><a href=\"http:\/\/chessmates.ch\/\" target=\"_blank\" rel=\"noreferrer noopener\" aria-label=\"Chessmates Zugerland (\u00f6ffnet in neuem Tab)\">Chessmates Zugerland<\/a><\/p>\n\n\n\n<p><a rel=\"noreferrer noopener\" href=\"http:\/\/www.zssenioren.ch\/\" target=\"_blank\">Zentralschweizer Schach Senioren<\/a><\/p>\n\n\n\n<p><a rel=\"noreferrer noopener\" href=\"http:\/\/www.stiftung-zuger-jugendschach.ch\/\" target=\"_blank\">Stiftung Zuger Jugendschach<\/a><\/p>\n\n\n\n<p><a rel=\"noreferrer noopener\" href=\"http:\/\/www.fernschach.ch\/\" target=\"_blank\">Fernschach<\/a><\/p>\n\n\n\n<p><a href=\"https:\/\/www.restaurant-sportinn.ch\/\" target=\"_blank\" rel=\"noreferrer noopener\">Restaurant Sportinn<\/a><\/p>\n\n\n\n<p><a href=\"http:\/\/www.chessbase.ch\" target=\"_blank\" rel=\"noreferrer noopener\">Chessbase<\/a><\/p>\n\n\n\n<p><\/p>\n","protected":false},"excerpt":{"rendered":"<p>ISV Innerschweizer Schachverband SSB Schweizerischer Schachbund Schachclub Zug Schachclub Cham Chessmates Zugerland Zentralschweizer Schach Senioren Stiftung Zuger Jugendschach Fernschach Restaurant Sportinn Chessbase<\/p>\n","protected":false},"author":1,"featured_media":0,"parent":0,"menu_order":0,"comment_status":"closed","ping_status":"closed","template":"","meta":{"footnotes":""},"class_list":["post-226","page","type-page","status-publish","hentry"],"yoast_head":"<!-- This site is optimized with the Yoast SEO plugin v26.9 - https:\/\/yoast.com\/product\/yoast-seo-wordpress\/ -->\r\n<title>Links - Schachclub Baar<\/title>\r\n<meta name=\"description\" content=\"Wir spielen das k\u00f6nigliche Spiel im Kanton Zug. Jung und Alt, jedermann ist bei und herzlich willkommen. Neu f\u00fchren wir eine Jugendgruppe mit Jugendlichen bis 16 Jahren. In Zukunft m\u00f6chten wir auch eine Juniorenabteilung einf\u00fchren.\" \/>\r\n<meta name=\"robots\" content=\"index, follow, max-snippet:-1, max-image-preview:large, max-video-preview:-1\" \/>\r\n<link rel=\"canonical\" href=\"https:\/\/www.schachclubbaar.ch\/?page_id=226\" \/>\r\n<meta property=\"og:locale\" content=\"de_DE\" \/>\r\n<meta property=\"og:type\" content=\"article\" \/>\r\n<meta property=\"og:title\" content=\"Links - Schachclub Baar\" \/>\r\n<meta property=\"og:description\" content=\"Wir spielen das k\u00f6nigliche Spiel im Kanton Zug. Jung und Alt, jedermann ist bei und herzlich willkommen. Neu f\u00fchren wir eine Jugendgruppe mit Jugendlichen bis 16 Jahren. In Zukunft m\u00f6chten wir auch eine Juniorenabteilung einf\u00fchren.\" \/>\r\n<meta property=\"og:url\" content=\"https:\/\/www.schachclubbaar.ch\/?page_id=226\" \/>\r\n<meta property=\"og:site_name\" content=\"Schachclub Baar\" \/>\r\n<meta property=\"article:publisher\" content=\"https:\/\/facebook.com\/Schachclub-Baar-1689832137913061\" \/>\r\n<meta property=\"article:modified_time\" content=\"2025-05-01T21:08:21+00:00\" \/>\r\n<meta name=\"twitter:card\" content=\"summary_large_image\" \/>\r\n<meta name=\"twitter:label1\" content=\"Gesch\u00e4tzte Lesezeit\" \/>\n\t<meta name=\"twitter:data1\" content=\"1\u00a0Minute\" \/>\r\n<script type=\"application\/ld+json\" class=\"yoast-schema-graph\">{\"@context\":\"https:\/\/schema.org\",\"@graph\":[{\"@type\":\"WebPage\",\"@id\":\"https:\/\/www.schachclubbaar.ch\/?page_id=226\",\"url\":\"https:\/\/www.schachclubbaar.ch\/?page_id=226\",\"name\":\"Links - Schachclub Baar\",\"isPartOf\":{\"@id\":\"https:\/\/www.schachclubbaar.ch\/#website\"},\"datePublished\":\"2017-10-06T20:55:13+00:00\",\"dateModified\":\"2025-05-01T21:08:21+00:00\",\"description\":\"Wir spielen das k\u00f6nigliche Spiel im Kanton Zug. Jung und Alt, jedermann ist bei und herzlich willkommen. Neu f\u00fchren wir eine Jugendgruppe mit Jugendlichen bis 16 Jahren. In Zukunft m\u00f6chten wir auch eine Juniorenabteilung einf\u00fchren.\",\"breadcrumb\":{\"@id\":\"https:\/\/www.schachclubbaar.ch\/?page_id=226#breadcrumb\"},\"inLanguage\":\"de\",\"potentialAction\":[{\"@type\":\"ReadAction\",\"target\":[\"https:\/\/www.schachclubbaar.ch\/?page_id=226\"]}]},{\"@type\":\"BreadcrumbList\",\"@id\":\"https:\/\/www.schachclubbaar.ch\/?page_id=226#breadcrumb\",\"itemListElement\":[{\"@type\":\"ListItem\",\"position\":1,\"name\":\"Startseite\",\"item\":\"https:\/\/www.schachclubbaar.ch\/\"},{\"@type\":\"ListItem\",\"position\":2,\"name\":\"Links\"}]},{\"@type\":\"WebSite\",\"@id\":\"https:\/\/www.schachclubbaar.ch\/#website\",\"url\":\"https:\/\/www.schachclubbaar.ch\/\",\"name\":\"Schachclub Baar\",\"description\":\"Der Schachclub Baar spielt das k\u00f6gliche Spiel im Kanton Zug. Jung und Alt, jedermann ist herzlich willkommen. Neu f\u00fchren wir eine Jugendgruppe.\",\"publisher\":{\"@id\":\"https:\/\/www.schachclubbaar.ch\/#organization\"},\"potentialAction\":[{\"@type\":\"SearchAction\",\"target\":{\"@type\":\"EntryPoint\",\"urlTemplate\":\"https:\/\/www.schachclubbaar.ch\/?s={search_term_string}\"},\"query-input\":{\"@type\":\"PropertyValueSpecification\",\"valueRequired\":true,\"valueName\":\"search_term_string\"}}],\"inLanguage\":\"de\"},{\"@type\":\"Organization\",\"@id\":\"https:\/\/www.schachclubbaar.ch\/#organization\",\"name\":\"Schachclub Baar\",\"url\":\"https:\/\/www.schachclubbaar.ch\/\",\"logo\":{\"@type\":\"ImageObject\",\"inLanguage\":\"de\",\"@id\":\"https:\/\/www.schachclubbaar.ch\/#\/schema\/logo\/image\/\",\"url\":\"https:\/\/www.schachclubbaar.ch\/wp-content\/uploads\/2015\/08\/header-e1502261590644.jpg\",\"contentUrl\":\"https:\/\/www.schachclubbaar.ch\/wp-content\/uploads\/2015\/08\/header-e1502261590644.jpg\",\"width\":480,\"height\":125,\"caption\":\"Schachclub Baar\"},\"image\":{\"@id\":\"https:\/\/www.schachclubbaar.ch\/#\/schema\/logo\/image\/\"},\"sameAs\":[\"https:\/\/facebook.com\/Schachclub-Baar-1689832137913061\"]}]}<\/script>\r\n<!-- \/ Yoast SEO plugin. -->","yoast_head_json":{"title":"Links - Schachclub Baar","description":"Wir spielen das k\u00f6nigliche Spiel im Kanton Zug. Jung und Alt, jedermann ist bei und herzlich willkommen. Neu f\u00fchren wir eine Jugendgruppe mit Jugendlichen bis 16 Jahren. In Zukunft m\u00f6chten wir auch eine Juniorenabteilung einf\u00fchren.","robots":{"index":"index","follow":"follow","max-snippet":"max-snippet:-1","max-image-preview":"max-image-preview:large","max-video-preview":"max-video-preview:-1"},"canonical":"https:\/\/www.schachclubbaar.ch\/?page_id=226","og_locale":"de_DE","og_type":"article","og_title":"Links - Schachclub Baar","og_description":"Wir spielen das k\u00f6nigliche Spiel im Kanton Zug. Jung und Alt, jedermann ist bei und herzlich willkommen. Neu f\u00fchren wir eine Jugendgruppe mit Jugendlichen bis 16 Jahren. In Zukunft m\u00f6chten wir auch eine Juniorenabteilung einf\u00fchren.","og_url":"https:\/\/www.schachclubbaar.ch\/?page_id=226","og_site_name":"Schachclub Baar","article_publisher":"https:\/\/facebook.com\/Schachclub-Baar-1689832137913061","article_modified_time":"2025-05-01T21:08:21+00:00","twitter_card":"summary_large_image","twitter_misc":{"Gesch\u00e4tzte Lesezeit":"1\u00a0Minute"},"schema":{"@context":"https:\/\/schema.org","@graph":[{"@type":"WebPage","@id":"https:\/\/www.schachclubbaar.ch\/?page_id=226","url":"https:\/\/www.schachclubbaar.ch\/?page_id=226","name":"Links - Schachclub Baar","isPartOf":{"@id":"https:\/\/www.schachclubbaar.ch\/#website"},"datePublished":"2017-10-06T20:55:13+00:00","dateModified":"2025-05-01T21:08:21+00:00","description":"Wir spielen das k\u00f6nigliche Spiel im Kanton Zug. Jung und Alt, jedermann ist bei und herzlich willkommen. Neu f\u00fchren wir eine Jugendgruppe mit Jugendlichen bis 16 Jahren. In Zukunft m\u00f6chten wir auch eine Juniorenabteilung einf\u00fchren.","breadcrumb":{"@id":"https:\/\/www.schachclubbaar.ch\/?page_id=226#breadcrumb"},"inLanguage":"de","potentialAction":[{"@type":"ReadAction","target":["https:\/\/www.schachclubbaar.ch\/?page_id=226"]}]},{"@type":"BreadcrumbList","@id":"https:\/\/www.schachclubbaar.ch\/?page_id=226#breadcrumb","itemListElement":[{"@type":"ListItem","position":1,"name":"Startseite","item":"https:\/\/www.schachclubbaar.ch\/"},{"@type":"ListItem","position":2,"name":"Links"}]},{"@type":"WebSite","@id":"https:\/\/www.schachclubbaar.ch\/#website","url":"https:\/\/www.schachclubbaar.ch\/","name":"Schachclub Baar","description":"Der Schachclub Baar spielt das k\u00f6gliche Spiel im Kanton Zug. Jung und Alt, jedermann ist herzlich willkommen. Neu f\u00fchren wir eine Jugendgruppe.","publisher":{"@id":"https:\/\/www.schachclubbaar.ch\/#organization"},"potentialAction":[{"@type":"SearchAction","target":{"@type":"EntryPoint","urlTemplate":"https:\/\/www.schachclubbaar.ch\/?s={search_term_string}"},"query-input":{"@type":"PropertyValueSpecification","valueRequired":true,"valueName":"search_term_string"}}],"inLanguage":"de"},{"@type":"Organization","@id":"https:\/\/www.schachclubbaar.ch\/#organization","name":"Schachclub Baar","url":"https:\/\/www.schachclubbaar.ch\/","logo":{"@type":"ImageObject","inLanguage":"de","@id":"https:\/\/www.schachclubbaar.ch\/#\/schema\/logo\/image\/","url":"https:\/\/www.schachclubbaar.ch\/wp-content\/uploads\/2015\/08\/header-e1502261590644.jpg","contentUrl":"https:\/\/www.schachclubbaar.ch\/wp-content\/uploads\/2015\/08\/header-e1502261590644.jpg","width":480,"height":125,"caption":"Schachclub Baar"},"image":{"@id":"https:\/\/www.schachclubbaar.ch\/#\/schema\/logo\/image\/"},"sameAs":["https:\/\/facebook.com\/Schachclub-Baar-1689832137913061"]}]}},"_links":{"self":[{"href":"https:\/\/www.schachclubbaar.ch\/index.php?rest_route=\/wp\/v2\/pages\/226","targetHints":{"allow":["GET"]}}],"collection":[{"href":"https:\/\/www.schachclubbaar.ch\/index.php?rest_route=\/wp\/v2\/pages"}],"about":[{"href":"https:\/\/www.schachclubbaar.ch\/index.php?rest_route=\/wp\/v2\/types\/page"}],"author":[{"embeddable":true,"href":"https:\/\/www.schachclubbaar.ch\/index.php?rest_route=\/wp\/v2\/users\/1"}],"replies":[{"embeddable":true,"href":"https:\/\/www.schachclubbaar.ch\/index.php?rest_route=%2Fwp%2Fv2%2Fcomments&post=226"}],"version-history":[{"count":8,"href":"https:\/\/www.schachclubbaar.ch\/index.php?rest_route=\/wp\/v2\/pages\/226\/revisions"}],"predecessor-version":[{"id":3766,"href":"https:\/\/www.schachclubbaar.ch\/index.php?rest_route=\/wp\/v2\/pages\/226\/revisions\/3766"}],"wp:attachment":[{"href":"https:\/\/www.schachclubbaar.ch\/index.php?rest_route=%2Fwp%2Fv2%2Fmedia&parent=226"}],"curies":[{"name":"wp","href":"https:\/\/api.w.org\/{rel}","templated":true}]}}