{"id":114,"date":"2017-10-07T10:20:16","date_gmt":"2017-10-07T08:20:16","guid":{"rendered":"http:\/\/lipp.hostcube.ch\/test\/?page_id=114"},"modified":"2017-11-25T16:20:14","modified_gmt":"2017-11-25T15:20:14","slug":"chronik","status":"publish","type":"page","link":"https:\/\/www.schachclubbaar.ch\/?page_id=114","title":{"rendered":"Chronik"},"content":{"rendered":"<p style=\"text-align: left;\" align=\"center\"><strong><span style=\"color: #000000;\">Die Entstehung des Schachclubs Baar<\/span><\/strong><\/p>\n<p style=\"text-align: left;\"><span style=\"color: #000000;\">Der Schachclub Baar verdankt seine Gr\u00fcndung im Jahre 1971 der Idee einiger schachbegeisterten Baarern. Aus dieser Gruppe von damals 10 &#8211; 12 Personen bildete sich im Jahre 1970 ein Initiativkomitee von 5 Personen, welches die n\u00f6tigen Vorbereitungen traf, so dass am 27. Mai 1971 im Hotel L\u00f6wen in Sihlbrugg &#8211; notabene auf Baarer Boden &#8211; die Gr\u00fcndung vollzogen werden konnte, wie bestellt bei Kerzenlicht, da als Folge eines Blitzschlages in die Trafostation das elektrische Licht ausgefallen war. Dieses sp\u00e4rliche Licht scheint sich aber auf die Teilnehmer nicht ausgewirkt zu haben, denn sie stimmten allen Vorschl\u00e4gen nach gewalteter Diskussion zu.<\/span><\/p>\n<p style=\"text-align: left;\"><span style=\"color: #000000;\">Erw\u00e4hnenswert scheint mir, dass der Schachclub Baar schon bei seiner Gr\u00fcndung dem Schweizerischen Schachverband (SSV, dem heutigen SSB) und dem Innerschweizerischen Schachverband (ISV) beitrat, und damit bekundete, auch in diesen beiden Verb\u00e4nden mitmachen zu wollen. Dieser Wille beschr\u00e4nkte sich nicht nur auf die Teilnahme an Turnieren, sondern gipfelte in der Tatsache, dass im Laufe der Jahre vier Mitglieder beim SSB und eines beim ISV t\u00e4tig waren und noch sind.<\/span><\/p>\n<p style=\"text-align: left;\"><span style=\"color: #000000;\">Es ist und bleibt sch\u00f6n im Club zu Hause zu sein, und immer wieder die Kameradschaft sp\u00fcren und erleben zu d\u00fcrfen. In diesem Sinn alles Liebe und Gute f\u00fcr die n\u00e4chsten zwanzig Jahre.<\/span><\/p>\n<p style=\"text-align: left;\"><span style=\"color: #000000;\">Willi Pl\u00fcss, Juni 1991<\/span><\/p>\n<p style=\"text-align: left;\"><strong><span style=\"color: #000000;\">Gr\u00fcndungsmitglieder<\/span><\/strong><\/p>\n<p style=\"text-align: left;\"><span style=\"color: #000000;\">Willi Pl\u00fcss Pr\u00e4sident,\u00a0 Karl Lampert Spielleiter,\u00a0\u00a0 Heinz Blum Kassier,\u00a0 Ursula Lampert Aktuarin, Louis Stoffel Materialverwalter.\u00a0\u00a0\u00a0\u00a0\u00a0\u00a0\u00a0\u00a0\u00a0\u00a0\u00a0\u00a0\u00a0\u00a0\u00a0\u00a0\u00a0\u00a0\u00a0\u00a0\u00a0\u00a0\u00a0\u00a0\u00a0\u00a0\u00a0\u00a0\u00a0\u00a0\u00a0\u00a0\u00a0\u00a0\u00a0\u00a0\u00a0\u00a0\u00a0\u00a0\u00a0\u00a0\u00a0\u00a0\u00a0\u00a0\u00a0\u00a0\u00a0\u00a0\u00a0\u00a0\u00a0\u00a0\u00a0\u00a0\u00a0\u00a0\u00a0\u00a0\u00a0\u00a0\u00a0\u00a0\u00a0\u00a0\u00a0\u00a0\u00a0\u00a0\u00a0\u00a0<\/span><\/p>\n<p style=\"text-align: left;\"><span style=\"color: #000000;\">Binotto Armin, Bollhalder Ludwig, Grosjean Michel, Gerschwiler Bruno, Hensler Alice, Huber Karl, Knecht A., Leemann I., Moll Werner, Othh Gerhard, Rosenberg Vitus, Wiget H., Zahner Arthuro, Zindel Ernst und Zohner Erich.\u00a0<\/span><\/p>\n<p style=\"text-align: left;\"><strong>Ab 1990<\/strong><\/p>\n<p style=\"text-align: left;\"><span style=\"color: #000000;\">Seit der obigen R\u00fcckblende des Gr\u00fcndungspr\u00e4sidenten im Jahre 1991 hat sich wieder viel getan beim Schachclub Baar. Mittlerweile sind 31 Mitglieder eingeschrieben, darunter auch der Pr\u00e4sident des ISV Kurt Gretener, der zus\u00e4tzlich ab 2001 auch im Vorstand des SBB mitwirkt. Er hatte bis 2001 w\u00e4hrend 16 Jahren als Kassier im Club seine F\u00e4higkeiten unter Beweis gestellt. Er wurde an der GV 2001 zum Ehrenmitglied ernannt. Ebenfalls 2001 zur\u00fcckgetreten nach \u00fcber 26 Jahren ist Karl Lampert als \u00fcberaus gewissenhafter Spielleiter\u00a0 des Schachclub Baar. Die Ehrenmitgliedschaft wurde ihm, wie auch dem Gr\u00fcndungspr\u00e4sidenten Willi Pl\u00fcss, bereits fr\u00fcher verliehen.\u00a0<\/span><\/p>\n<p style=\"text-align: left;\"><span style=\"color: #000000;\">Im Club wird \u00fcberaus eifrig Schach gespielt. So gibt es eine interne Clubmeisterschaft, an der die meisten Mitglieder mit Vergn\u00fcgen teilnehmen. Ausser der Clubmeisterschaft wird j\u00e4hrlich jeweils im Januar das \u201cKarl Huber Blitz-Turnier\u201d gespielt, so genannt nach dem Spender des Pokales, Karl Huber.\u00a0 Ebenfalls j\u00e4hrlich wird das Baarerturnier, fr\u00fcher Bauerhnhofturnier, und noch fr\u00fcher Cup-Turnier genannt, durchgef\u00fchrt. An diesem Turnier k\u00f6nnen auch Spieler von ausw\u00e4rts mitmachen. Im Jubil\u00e4umsjahr wird erstmals in 2 Kategorien gespielt n\u00e4mlich Clubmitglieder und Hoppyspieler. Bei diesen Turnieren konnte auch der eine oder andere Spieler f\u00fcr den Schachclub Baar gewonnen werden.<\/span><\/p>\n<p style=\"text-align: left;\"><span style=\"color: #000000;\">Im weiteren wird im Innerschweizerverband, sowie bei der schweiz. Mannschaftsmeisterschaftet in der 3. und 4. Liga mitgespielt. Am schweiz. Bundesturnier, an der Schweizermeisterschaft sowie beim Innerschweizer-Schachtag sind immer wieder begeisterte und motivierte Spieler des Baarer Schachclubs anzutreffen.<\/span><\/p>\n<p style=\"text-align: left;\"><span style=\"color: #000000;\">Ausser dem Schachspielen wird im Club auch das Gesellige gepflegt. Jedes Jahr wird eine 1 t\u00e4gige Reise zusammen mit der Familie durchgef\u00fchrt. Neumitglieder sind jederzeit herzlich willkommen.<\/span><\/p>\n","protected":false},"excerpt":{"rendered":"<p>Die Entstehung des Schachclubs Baar Der Schachclub Baar verdankt seine Gr\u00fcndung im Jahre 1971 der Idee einiger schachbegeisterten Baarern. Aus dieser Gruppe von damals 10 &#8211; 12 Personen bildete sich im Jahre 1970 ein Initiativkomitee von 5 Personen, welches die n\u00f6tigen Vorbereitungen traf, so dass am 27. Mai 1971 im Hotel L\u00f6wen in Sihlbrugg &#8211; [&hellip;]<\/p>\n","protected":false},"author":1,"featured_media":0,"parent":855,"menu_order":0,"comment_status":"closed","ping_status":"closed","template":"","meta":{"footnotes":""},"class_list":["post-114","page","type-page","status-publish","hentry"],"yoast_head":"<!-- This site is optimized with the Yoast SEO plugin v26.9 - https:\/\/yoast.com\/product\/yoast-seo-wordpress\/ -->\r\n<title>Chronik - Schachclub Baar<\/title>\r\n<meta name=\"description\" content=\"Wir spielen das k\u00f6nigliche Spiel im Kanton Zug. Jung und Alt, jedermann ist bei und herzlich willkommen. Neu f\u00fchren wir eine Jugendgruppe mit Jugendlichen bis 16 Jahren. In Zukunft m\u00f6chten wir auch eine Juniorenabteilung einf\u00fchren.\" \/>\r\n<meta name=\"robots\" content=\"index, follow, max-snippet:-1, max-image-preview:large, max-video-preview:-1\" \/>\r\n<link rel=\"canonical\" href=\"https:\/\/www.schachclubbaar.ch\/?page_id=114\" \/>\r\n<meta property=\"og:locale\" content=\"de_DE\" \/>\r\n<meta property=\"og:type\" content=\"article\" \/>\r\n<meta property=\"og:title\" content=\"Chronik - Schachclub Baar\" \/>\r\n<meta property=\"og:description\" content=\"Wir spielen das k\u00f6nigliche Spiel im Kanton Zug. Jung und Alt, jedermann ist bei und herzlich willkommen. Neu f\u00fchren wir eine Jugendgruppe mit Jugendlichen bis 16 Jahren. In Zukunft m\u00f6chten wir auch eine Juniorenabteilung einf\u00fchren.\" \/>\r\n<meta property=\"og:url\" content=\"https:\/\/www.schachclubbaar.ch\/?page_id=114\" \/>\r\n<meta property=\"og:site_name\" content=\"Schachclub Baar\" \/>\r\n<meta property=\"article:publisher\" content=\"https:\/\/facebook.com\/Schachclub-Baar-1689832137913061\" \/>\r\n<meta property=\"article:modified_time\" content=\"2017-11-25T15:20:14+00:00\" \/>\r\n<meta name=\"twitter:card\" content=\"summary_large_image\" \/>\r\n<meta name=\"twitter:label1\" content=\"Gesch\u00e4tzte Lesezeit\" \/>\n\t<meta name=\"twitter:data1\" content=\"3\u00a0Minuten\" \/>\r\n<script type=\"application\/ld+json\" class=\"yoast-schema-graph\">{\"@context\":\"https:\/\/schema.org\",\"@graph\":[{\"@type\":\"WebPage\",\"@id\":\"https:\/\/www.schachclubbaar.ch\/?page_id=114\",\"url\":\"https:\/\/www.schachclubbaar.ch\/?page_id=114\",\"name\":\"Chronik - Schachclub Baar\",\"isPartOf\":{\"@id\":\"https:\/\/www.schachclubbaar.ch\/#website\"},\"datePublished\":\"2017-10-07T08:20:16+00:00\",\"dateModified\":\"2017-11-25T15:20:14+00:00\",\"description\":\"Wir spielen das k\u00f6nigliche Spiel im Kanton Zug. Jung und Alt, jedermann ist bei und herzlich willkommen. Neu f\u00fchren wir eine Jugendgruppe mit Jugendlichen bis 16 Jahren. In Zukunft m\u00f6chten wir auch eine Juniorenabteilung einf\u00fchren.\",\"breadcrumb\":{\"@id\":\"https:\/\/www.schachclubbaar.ch\/?page_id=114#breadcrumb\"},\"inLanguage\":\"de\",\"potentialAction\":[{\"@type\":\"ReadAction\",\"target\":[\"https:\/\/www.schachclubbaar.ch\/?page_id=114\"]}]},{\"@type\":\"BreadcrumbList\",\"@id\":\"https:\/\/www.schachclubbaar.ch\/?page_id=114#breadcrumb\",\"itemListElement\":[{\"@type\":\"ListItem\",\"position\":1,\"name\":\"Startseite\",\"item\":\"https:\/\/www.schachclubbaar.ch\/\"},{\"@type\":\"ListItem\",\"position\":2,\"name\":\"Wer sind wir\",\"item\":\"https:\/\/www.schachclubbaar.ch\/?page_id=855\"},{\"@type\":\"ListItem\",\"position\":3,\"name\":\"Chronik\"}]},{\"@type\":\"WebSite\",\"@id\":\"https:\/\/www.schachclubbaar.ch\/#website\",\"url\":\"https:\/\/www.schachclubbaar.ch\/\",\"name\":\"Schachclub Baar\",\"description\":\"Der Schachclub Baar spielt das k&ouml;gliche Spiel im Kanton Zug. Jung und Alt, jedermann ist herzlich willkommen. Neu f&uuml;hren wir eine Jugendgruppe.\",\"publisher\":{\"@id\":\"https:\/\/www.schachclubbaar.ch\/#organization\"},\"potentialAction\":[{\"@type\":\"SearchAction\",\"target\":{\"@type\":\"EntryPoint\",\"urlTemplate\":\"https:\/\/www.schachclubbaar.ch\/?s={search_term_string}\"},\"query-input\":{\"@type\":\"PropertyValueSpecification\",\"valueRequired\":true,\"valueName\":\"search_term_string\"}}],\"inLanguage\":\"de\"},{\"@type\":\"Organization\",\"@id\":\"https:\/\/www.schachclubbaar.ch\/#organization\",\"name\":\"Schachclub Baar\",\"url\":\"https:\/\/www.schachclubbaar.ch\/\",\"logo\":{\"@type\":\"ImageObject\",\"inLanguage\":\"de\",\"@id\":\"https:\/\/www.schachclubbaar.ch\/#\/schema\/logo\/image\/\",\"url\":\"https:\/\/www.schachclubbaar.ch\/wp-content\/uploads\/2015\/08\/header-e1502261590644.jpg\",\"contentUrl\":\"https:\/\/www.schachclubbaar.ch\/wp-content\/uploads\/2015\/08\/header-e1502261590644.jpg\",\"width\":480,\"height\":125,\"caption\":\"Schachclub Baar\"},\"image\":{\"@id\":\"https:\/\/www.schachclubbaar.ch\/#\/schema\/logo\/image\/\"},\"sameAs\":[\"https:\/\/facebook.com\/Schachclub-Baar-1689832137913061\"]}]}<\/script>\r\n<!-- \/ Yoast SEO plugin. -->","yoast_head_json":{"title":"Chronik - Schachclub Baar","description":"Wir spielen das k\u00f6nigliche Spiel im Kanton Zug. Jung und Alt, jedermann ist bei und herzlich willkommen. Neu f\u00fchren wir eine Jugendgruppe mit Jugendlichen bis 16 Jahren. In Zukunft m\u00f6chten wir auch eine Juniorenabteilung einf\u00fchren.","robots":{"index":"index","follow":"follow","max-snippet":"max-snippet:-1","max-image-preview":"max-image-preview:large","max-video-preview":"max-video-preview:-1"},"canonical":"https:\/\/www.schachclubbaar.ch\/?page_id=114","og_locale":"de_DE","og_type":"article","og_title":"Chronik - Schachclub Baar","og_description":"Wir spielen das k\u00f6nigliche Spiel im Kanton Zug. Jung und Alt, jedermann ist bei und herzlich willkommen. Neu f\u00fchren wir eine Jugendgruppe mit Jugendlichen bis 16 Jahren. In Zukunft m\u00f6chten wir auch eine Juniorenabteilung einf\u00fchren.","og_url":"https:\/\/www.schachclubbaar.ch\/?page_id=114","og_site_name":"Schachclub Baar","article_publisher":"https:\/\/facebook.com\/Schachclub-Baar-1689832137913061","article_modified_time":"2017-11-25T15:20:14+00:00","twitter_card":"summary_large_image","twitter_misc":{"Gesch\u00e4tzte Lesezeit":"3\u00a0Minuten"},"schema":{"@context":"https:\/\/schema.org","@graph":[{"@type":"WebPage","@id":"https:\/\/www.schachclubbaar.ch\/?page_id=114","url":"https:\/\/www.schachclubbaar.ch\/?page_id=114","name":"Chronik - Schachclub Baar","isPartOf":{"@id":"https:\/\/www.schachclubbaar.ch\/#website"},"datePublished":"2017-10-07T08:20:16+00:00","dateModified":"2017-11-25T15:20:14+00:00","description":"Wir spielen das k\u00f6nigliche Spiel im Kanton Zug. Jung und Alt, jedermann ist bei und herzlich willkommen. Neu f\u00fchren wir eine Jugendgruppe mit Jugendlichen bis 16 Jahren. In Zukunft m\u00f6chten wir auch eine Juniorenabteilung einf\u00fchren.","breadcrumb":{"@id":"https:\/\/www.schachclubbaar.ch\/?page_id=114#breadcrumb"},"inLanguage":"de","potentialAction":[{"@type":"ReadAction","target":["https:\/\/www.schachclubbaar.ch\/?page_id=114"]}]},{"@type":"BreadcrumbList","@id":"https:\/\/www.schachclubbaar.ch\/?page_id=114#breadcrumb","itemListElement":[{"@type":"ListItem","position":1,"name":"Startseite","item":"https:\/\/www.schachclubbaar.ch\/"},{"@type":"ListItem","position":2,"name":"Wer sind wir","item":"https:\/\/www.schachclubbaar.ch\/?page_id=855"},{"@type":"ListItem","position":3,"name":"Chronik"}]},{"@type":"WebSite","@id":"https:\/\/www.schachclubbaar.ch\/#website","url":"https:\/\/www.schachclubbaar.ch\/","name":"Schachclub Baar","description":"Der Schachclub Baar spielt das k&ouml;gliche Spiel im Kanton Zug. Jung und Alt, jedermann ist herzlich willkommen. Neu f&uuml;hren wir eine Jugendgruppe.","publisher":{"@id":"https:\/\/www.schachclubbaar.ch\/#organization"},"potentialAction":[{"@type":"SearchAction","target":{"@type":"EntryPoint","urlTemplate":"https:\/\/www.schachclubbaar.ch\/?s={search_term_string}"},"query-input":{"@type":"PropertyValueSpecification","valueRequired":true,"valueName":"search_term_string"}}],"inLanguage":"de"},{"@type":"Organization","@id":"https:\/\/www.schachclubbaar.ch\/#organization","name":"Schachclub Baar","url":"https:\/\/www.schachclubbaar.ch\/","logo":{"@type":"ImageObject","inLanguage":"de","@id":"https:\/\/www.schachclubbaar.ch\/#\/schema\/logo\/image\/","url":"https:\/\/www.schachclubbaar.ch\/wp-content\/uploads\/2015\/08\/header-e1502261590644.jpg","contentUrl":"https:\/\/www.schachclubbaar.ch\/wp-content\/uploads\/2015\/08\/header-e1502261590644.jpg","width":480,"height":125,"caption":"Schachclub Baar"},"image":{"@id":"https:\/\/www.schachclubbaar.ch\/#\/schema\/logo\/image\/"},"sameAs":["https:\/\/facebook.com\/Schachclub-Baar-1689832137913061"]}]}},"_links":{"self":[{"href":"https:\/\/www.schachclubbaar.ch\/index.php?rest_route=\/wp\/v2\/pages\/114","targetHints":{"allow":["GET"]}}],"collection":[{"href":"https:\/\/www.schachclubbaar.ch\/index.php?rest_route=\/wp\/v2\/pages"}],"about":[{"href":"https:\/\/www.schachclubbaar.ch\/index.php?rest_route=\/wp\/v2\/types\/page"}],"author":[{"embeddable":true,"href":"https:\/\/www.schachclubbaar.ch\/index.php?rest_route=\/wp\/v2\/users\/1"}],"replies":[{"embeddable":true,"href":"https:\/\/www.schachclubbaar.ch\/index.php?rest_route=%2Fwp%2Fv2%2Fcomments&post=114"}],"version-history":[{"count":1,"href":"https:\/\/www.schachclubbaar.ch\/index.php?rest_route=\/wp\/v2\/pages\/114\/revisions"}],"predecessor-version":[{"id":115,"href":"https:\/\/www.schachclubbaar.ch\/index.php?rest_route=\/wp\/v2\/pages\/114\/revisions\/115"}],"up":[{"embeddable":true,"href":"https:\/\/www.schachclubbaar.ch\/index.php?rest_route=\/wp\/v2\/pages\/855"}],"wp:attachment":[{"href":"https:\/\/www.schachclubbaar.ch\/index.php?rest_route=%2Fwp%2Fv2%2Fmedia&parent=114"}],"curies":[{"name":"wp","href":"https:\/\/api.w.org\/{rel}","templated":true}]}}